{"id":94,"date":"2021-01-16T11:11:38","date_gmt":"2021-01-16T10:11:38","guid":{"rendered":"http:\/\/lyceech.cluster026.hosting.ovh.net\/?page_id=94"},"modified":"2024-09-20T11:09:23","modified_gmt":"2024-09-20T09:09:23","slug":"vie-scolaire","status":"publish","type":"page","link":"http:\/\/lyceeclaudemonetlh.fr\/index.php\/vie-scolaire\/","title":{"rendered":"Vie scolaire"},"content":{"rendered":"\n<p>La&nbsp;<strong>vie scolaire<\/strong>&nbsp;est un lieu d&rsquo;\u00e9change privil\u00e9gi\u00e9 entre les \u00e9l\u00e8ves et le personnel d&rsquo;\u00e9ducation pour traiter de toutes les questions relatives au v\u00e9cu de l&rsquo;\u00e9l\u00e8ve dans l&rsquo;\u00e9tablissement, et favoriser l&rsquo;int\u00e9gration de l&rsquo;\u00e9l\u00e8ve dans son milieu \u00e9ducatif.<\/p>\n\n\n\n<p>Le personnel d&rsquo;\u00e9ducation se compose d&rsquo;un&nbsp;<strong>Conseiller Principal d&rsquo;Education (CPE)<\/strong>, chef de service de l&rsquo;\u00e9quipe de surveillance. Le&nbsp;<strong>CPE<\/strong>&nbsp;est la personne r\u00e9f\u00e9rente du suivi individuel et collectif des \u00e9l\u00e8ves : il les re\u00e7oit dans son bureau en entretien individuel, les \u00e9coute, les oriente vers des personnes relais, les aide dans l&rsquo;\u00e9laboration de leur projet personnel, les forme \u00e0 une prise de responsabilit\u00e9s au travers de la formation des d\u00e9l\u00e9gu\u00e9s \u00e9l\u00e8ves, les \u00e9duque vers une prise d&rsquo;autonomie citoyenne.<\/p>\n\n\n\n<p>Il est assist\u00e9 dans cette t\u00e2che par le personnel de surveillance : les&nbsp;<strong>assistants d&rsquo;\u00e9ducation<\/strong>&nbsp;ont la charge de veiller \u00e0 la s\u00e9curit\u00e9 du mouvement des \u00e9l\u00e8ves dans l&rsquo;\u00e9tablissement. Ils encadrent les \u00e9l\u00e8ves, les aident dans leur travail et devoirs lors d&rsquo;\u00e9tudes am\u00e9nag\u00e9es, sont \u00e0 l&rsquo;\u00e9coute \u00e0 tout moment.<\/p>\n\n\n\n<h2 class=\"wp-block-heading\">Conseillers Principaux d\u2019\u00c9ducation<\/h2>\n\n\n\n<p><strong>Seconde du lyc\u00e9e g\u00e9n\u00e9ral<\/strong><\/p>\n\n\n\n<p><a href=\"mailto:alain.bechet@ac-rouen.fr\">M.&nbsp;B\u00e9chet<\/a>&nbsp;: alain.bechet@ac-normandie.fr<\/p>\n\n\n\n<p><strong>Terminale du lyc\u00e9e g\u00e9n\u00e9ral<\/strong><\/p>\n\n\n\n<p><a href=\"mailto:olivier.le-gac@ac-rouen.fr\">M.&nbsp;Le Gac<\/a>&nbsp;: olivier.le-gac@ac-normandie.fr<\/p>\n\n\n\n<p><strong>Premi\u00e8re du lyc\u00e9e g\u00e9n\u00e9ral et \u00e9tudiants<\/strong><\/p>\n\n\n\n<p><a href=\"mailto:melanie.lachevre@ac-rouen.fr\">Melle Lach\u00e8vre<\/a>&nbsp;: melanie.lachevre@ac-normandie.fr<\/p>\n\n\n\n<p><strong>Lyc\u00e9e professionnel<\/strong><\/p>\n\n\n\n<p><mark style=\"background-color:rgba(0, 0, 0, 0)\" class=\"has-inline-color has-vivid-cyan-blue-color\"><a href=\"mailto:b.gambier@ac-rouen.fr\">Mm<\/a>e Allais :<\/mark> jill.allais@ac-normandie.fr<\/p>\n\n\n\n<p><\/p>\n","protected":false},"excerpt":{"rendered":"<p>La&nbsp;vie scolaire&nbsp;est un lieu d&rsquo;\u00e9change privil\u00e9gi\u00e9 entre les \u00e9l\u00e8ves et le personnel d&rsquo;\u00e9ducation pour traiter de toutes les questions relatives au v\u00e9cu de l&rsquo;\u00e9l\u00e8ve dans l&rsquo;\u00e9tablissement, et favoriser l&rsquo;int\u00e9gration de l&rsquo;\u00e9l\u00e8ve dans son milieu \u00e9ducatif. Le personnel d&rsquo;\u00e9ducation se compose d&rsquo;un&nbsp;Conseiller Principal d&rsquo;Education (CPE), chef de service de l&rsquo;\u00e9quipe de surveillance. Le&nbsp;CPE&nbsp;est la personne r\u00e9f\u00e9rente [&hellip;]<\/p>\n","protected":false},"author":1,"featured_media":0,"parent":0,"menu_order":0,"comment_status":"closed","ping_status":"closed","template":"","meta":{"footnotes":""},"_links":{"self":[{"href":"http:\/\/lyceeclaudemonetlh.fr\/index.php\/wp-json\/wp\/v2\/pages\/94"}],"collection":[{"href":"http:\/\/lyceeclaudemonetlh.fr\/index.php\/wp-json\/wp\/v2\/pages"}],"about":[{"href":"http:\/\/lyceeclaudemonetlh.fr\/index.php\/wp-json\/wp\/v2\/types\/page"}],"author":[{"embeddable":true,"href":"http:\/\/lyceeclaudemonetlh.fr\/index.php\/wp-json\/wp\/v2\/users\/1"}],"replies":[{"embeddable":true,"href":"http:\/\/lyceeclaudemonetlh.fr\/index.php\/wp-json\/wp\/v2\/comments?post=94"}],"version-history":[{"count":5,"href":"http:\/\/lyceeclaudemonetlh.fr\/index.php\/wp-json\/wp\/v2\/pages\/94\/revisions"}],"predecessor-version":[{"id":1302,"href":"http:\/\/lyceeclaudemonetlh.fr\/index.php\/wp-json\/wp\/v2\/pages\/94\/revisions\/1302"}],"wp:attachment":[{"href":"http:\/\/lyceeclaudemonetlh.fr\/index.php\/wp-json\/wp\/v2\/media?parent=94"}],"curies":[{"name":"wp","href":"https:\/\/api.w.org\/{rel}","templated":true}]}}