{"id":927,"date":"2023-04-04T10:26:34","date_gmt":"2023-04-04T08:26:34","guid":{"rendered":"http:\/\/lyceech.cluster026.hosting.ovh.net\/?page_id=927"},"modified":"2023-12-14T09:31:14","modified_gmt":"2023-12-14T08:31:14","slug":"les-specialites","status":"publish","type":"page","link":"http:\/\/lyceeclaudemonetlh.fr\/index.php\/les-specialites\/","title":{"rendered":"Les sp\u00e9cialit\u00e9s"},"content":{"rendered":"\n<p><strong>Les lyc\u00e9ens qui pr\u00e9parent un bac g\u00e9n\u00e9ral construisent leurs parcours en fonction de leurs go\u00fbts et de leurs ambitions. Vous choisissez des enseignements de sp\u00e9cialit\u00e9 et des options d\u00e8s la 1re. Cette organisation favorise votre r\u00e9ussite dans l\u2019enseignement sup\u00e9rieur, qui est l\u2019objectif premier de la voie g\u00e9n\u00e9rale.<\/strong><\/p>\n\n\n\n<p>T\u00e9l\u00e9charger la plaquette de votre choix<\/p>\n\n\n\n<div class=\"wp-block-file\"><a id=\"wp-block-file--media-551bc2aa-1e8f-4251-b33b-0088e61e120f\" href=\"http:\/\/lyceech.cluster026.hosting.ovh.net\/wp-content\/uploads\/2023\/04\/Fiche-Spe-arts-plastiques.pdf\">Fiche-Spe-arts-plastiques<\/a><a href=\"http:\/\/lyceech.cluster026.hosting.ovh.net\/wp-content\/uploads\/2023\/04\/Fiche-Spe-arts-plastiques.pdf\" class=\"wp-block-file__button wp-element-button\" download aria-describedby=\"wp-block-file--media-551bc2aa-1e8f-4251-b33b-0088e61e120f\">T\u00e9l\u00e9charger<\/a><\/div>\n\n\n\n<p>Lien pour acc\u00e9der au directement au site <a href=\"https:\/\/lyceeclaudemonet.wixsite.com\/lyceeclaudemonet\">Arts plastiques<\/a><\/p>\n\n\n\n<div class=\"wp-block-file\"><a id=\"wp-block-file--media-f90391df-5324-4408-8688-abb198929c29\" href=\"http:\/\/lyceech.cluster026.hosting.ovh.net\/wp-content\/uploads\/2023\/04\/Fiche-Spe-Histoire-des-Arts.pdf\">Fiche-Spe-Histoire-des-Arts<\/a><a href=\"http:\/\/lyceech.cluster026.hosting.ovh.net\/wp-content\/uploads\/2023\/04\/Fiche-Spe-Histoire-des-Arts.pdf\" class=\"wp-block-file__button wp-element-button\" download aria-describedby=\"wp-block-file--media-f90391df-5324-4408-8688-abb198929c29\">T\u00e9l\u00e9charger<\/a><\/div>\n\n\n\n<div class=\"wp-block-file\"><a id=\"wp-block-file--media-065f7fa4-a302-4b7f-8d43-aacb604633a6\" href=\"http:\/\/lyceech.cluster026.hosting.ovh.net\/wp-content\/uploads\/2023\/04\/Fiche-Spe-Histoire-geographie-geopolitique-et-sciences-politiques.pdf\">Fiche-Spe-Histoire-geographie-geopolitique-et-sciences-politiques<\/a><a href=\"http:\/\/lyceech.cluster026.hosting.ovh.net\/wp-content\/uploads\/2023\/04\/Fiche-Spe-Histoire-geographie-geopolitique-et-sciences-politiques.pdf\" class=\"wp-block-file__button wp-element-button\" download aria-describedby=\"wp-block-file--media-065f7fa4-a302-4b7f-8d43-aacb604633a6\">T\u00e9l\u00e9charger<\/a><\/div>\n\n\n\n<div class=\"wp-block-file\"><a id=\"wp-block-file--media-7914c3a5-0253-4c46-be0d-f5ea930bb29f\" href=\"http:\/\/lyceech.cluster026.hosting.ovh.net\/wp-content\/uploads\/2023\/04\/Fiche-Spe-Humanites-litterature-et-philosophie.pdf\">Fiche-Spe-Humanites-litterature-et-philosophie<\/a><a href=\"http:\/\/lyceech.cluster026.hosting.ovh.net\/wp-content\/uploads\/2023\/04\/Fiche-Spe-Humanites-litterature-et-philosophie.pdf\" class=\"wp-block-file__button wp-element-button\" download aria-describedby=\"wp-block-file--media-7914c3a5-0253-4c46-be0d-f5ea930bb29f\">T\u00e9l\u00e9charger<\/a><\/div>\n\n\n\n<div class=\"wp-block-file\"><a id=\"wp-block-file--media-de182d17-376b-45b8-8ae8-36f970488ba3\" href=\"http:\/\/lyceech.cluster026.hosting.ovh.net\/wp-content\/uploads\/2023\/04\/Fiche-Spe-Langues-litteratures-et-cultures-etrangeres-ANGLAIS.-C.-Granger-1.pdf\">Fiche-Spe-Langues-litteratures-et-cultures-etrangeres-ANGLAIS.-C<\/a><a href=\"http:\/\/lyceech.cluster026.hosting.ovh.net\/wp-content\/uploads\/2023\/04\/Fiche-Spe-Langues-litteratures-et-cultures-etrangeres-ANGLAIS.-C.-Granger-1.pdf\" class=\"wp-block-file__button wp-element-button\" download aria-describedby=\"wp-block-file--media-de182d17-376b-45b8-8ae8-36f970488ba3\">T\u00e9l\u00e9charger<\/a><\/div>\n\n\n\n<div class=\"wp-block-file\"><a id=\"wp-block-file--media-affcf857-ed6a-41de-a30c-081cc1419fc8\" href=\"http:\/\/lyceech.cluster026.hosting.ovh.net\/wp-content\/uploads\/2023\/04\/Fiche-Spe-Langues-litteratures-et-cultures-etrangeres-ESPAGNOL.pdf\">Fiche-Spe-Langues-litteratures-et-cultures-etrangeres-ESPAGNOL<\/a><a href=\"http:\/\/lyceech.cluster026.hosting.ovh.net\/wp-content\/uploads\/2023\/04\/Fiche-Spe-Langues-litteratures-et-cultures-etrangeres-ESPAGNOL.pdf\" class=\"wp-block-file__button wp-element-button\" download aria-describedby=\"wp-block-file--media-affcf857-ed6a-41de-a30c-081cc1419fc8\">T\u00e9l\u00e9charger<\/a><\/div>\n\n\n\n<div class=\"wp-block-file\"><a id=\"wp-block-file--media-26cb5e3a-41bb-4477-90b7-eeae80207a99\" href=\"http:\/\/lyceech.cluster026.hosting.ovh.net\/wp-content\/uploads\/2023\/04\/Fiche-Spe-Litterature-langues-et-cultures-de-lantiquite.pdf\">Fiche-Spe-Litterature-langues-et-cultures-de-lantiquite<\/a><a href=\"http:\/\/lyceech.cluster026.hosting.ovh.net\/wp-content\/uploads\/2023\/04\/Fiche-Spe-Litterature-langues-et-cultures-de-lantiquite.pdf\" class=\"wp-block-file__button wp-element-button\" download aria-describedby=\"wp-block-file--media-26cb5e3a-41bb-4477-90b7-eeae80207a99\">T\u00e9l\u00e9charger<\/a><\/div>\n\n\n\n<div class=\"wp-block-file\"><a id=\"wp-block-file--media-60974334-fcda-40d1-a299-0a7ad8c16c72\" href=\"http:\/\/lyceech.cluster026.hosting.ovh.net\/wp-content\/uploads\/2023\/04\/Fiche-Spe-maths.pdf\">Fiche-Spe-maths<\/a><a href=\"http:\/\/lyceech.cluster026.hosting.ovh.net\/wp-content\/uploads\/2023\/04\/Fiche-Spe-maths.pdf\" class=\"wp-block-file__button wp-element-button\" download aria-describedby=\"wp-block-file--media-60974334-fcda-40d1-a299-0a7ad8c16c72\">T\u00e9l\u00e9charger<\/a><\/div>\n\n\n\n<div class=\"wp-block-file\"><a id=\"wp-block-file--media-be589032-8700-4595-9da2-a464037945fe\" href=\"http:\/\/lyceech.cluster026.hosting.ovh.net\/wp-content\/uploads\/2023\/04\/Fiche-Spe-Physique-chimie.pdf\">Fiche-Spe-Physique-chimie<\/a><a href=\"http:\/\/lyceech.cluster026.hosting.ovh.net\/wp-content\/uploads\/2023\/04\/Fiche-Spe-Physique-chimie.pdf\" class=\"wp-block-file__button wp-element-button\" download aria-describedby=\"wp-block-file--media-be589032-8700-4595-9da2-a464037945fe\">T\u00e9l\u00e9charger<\/a><\/div>\n\n\n\n<div class=\"wp-block-file\"><a id=\"wp-block-file--media-be0e5a13-8245-4a4f-8e3d-556e6628f59f\" href=\"http:\/\/lyceech.cluster026.hosting.ovh.net\/wp-content\/uploads\/2023\/04\/Fiche-Spe-Sciences-economiques-et-sociales-SES.pdf\">Fiche-Spe-Sciences-economiques-et-sociales-SES<\/a><a href=\"http:\/\/lyceech.cluster026.hosting.ovh.net\/wp-content\/uploads\/2023\/04\/Fiche-Spe-Sciences-economiques-et-sociales-SES.pdf\" class=\"wp-block-file__button wp-element-button\" download aria-describedby=\"wp-block-file--media-be0e5a13-8245-4a4f-8e3d-556e6628f59f\">T\u00e9l\u00e9charger<\/a><\/div>\n\n\n\n<div class=\"wp-block-file\"><a id=\"wp-block-file--media-805e08c5-578e-4122-8e41-b3e9b75112c6\" href=\"http:\/\/lyceech.cluster026.hosting.ovh.net\/wp-content\/uploads\/2023\/04\/Fiche-Spe-Sciences-de-la-vie-et-de-la-terre-SVT-1.pdf\">Fiche-Spe-Sciences-de-la-vie-et-de-la-terre-SVT-1<\/a><a href=\"http:\/\/lyceech.cluster026.hosting.ovh.net\/wp-content\/uploads\/2023\/04\/Fiche-Spe-Sciences-de-la-vie-et-de-la-terre-SVT-1.pdf\" class=\"wp-block-file__button wp-element-button\" download aria-describedby=\"wp-block-file--media-805e08c5-578e-4122-8e41-b3e9b75112c6\">T\u00e9l\u00e9charger<\/a><\/div>\n","protected":false},"excerpt":{"rendered":"<p>Les lyc\u00e9ens qui pr\u00e9parent un bac g\u00e9n\u00e9ral construisent leurs parcours en fonction de leurs go\u00fbts et de leurs ambitions. Vous choisissez des enseignements de sp\u00e9cialit\u00e9 et des options d\u00e8s la 1re. Cette organisation favorise votre r\u00e9ussite dans l\u2019enseignement sup\u00e9rieur, qui est l\u2019objectif premier de la voie g\u00e9n\u00e9rale. T\u00e9l\u00e9charger la plaquette de votre choix Lien pour [&hellip;]<\/p>\n","protected":false},"author":1,"featured_media":0,"parent":0,"menu_order":0,"comment_status":"closed","ping_status":"closed","template":"","meta":{"footnotes":""},"_links":{"self":[{"href":"http:\/\/lyceeclaudemonetlh.fr\/index.php\/wp-json\/wp\/v2\/pages\/927"}],"collection":[{"href":"http:\/\/lyceeclaudemonetlh.fr\/index.php\/wp-json\/wp\/v2\/pages"}],"about":[{"href":"http:\/\/lyceeclaudemonetlh.fr\/index.php\/wp-json\/wp\/v2\/types\/page"}],"author":[{"embeddable":true,"href":"http:\/\/lyceeclaudemonetlh.fr\/index.php\/wp-json\/wp\/v2\/users\/1"}],"replies":[{"embeddable":true,"href":"http:\/\/lyceeclaudemonetlh.fr\/index.php\/wp-json\/wp\/v2\/comments?post=927"}],"version-history":[{"count":7,"href":"http:\/\/lyceeclaudemonetlh.fr\/index.php\/wp-json\/wp\/v2\/pages\/927\/revisions"}],"predecessor-version":[{"id":1106,"href":"http:\/\/lyceeclaudemonetlh.fr\/index.php\/wp-json\/wp\/v2\/pages\/927\/revisions\/1106"}],"wp:attachment":[{"href":"http:\/\/lyceeclaudemonetlh.fr\/index.php\/wp-json\/wp\/v2\/media?parent=927"}],"curies":[{"name":"wp","href":"https:\/\/api.w.org\/{rel}","templated":true}]}}