{"id":917,"date":"2023-04-04T10:13:09","date_gmt":"2023-04-04T08:13:09","guid":{"rendered":"http:\/\/lyceech.cluster026.hosting.ovh.net\/?page_id=917"},"modified":"2023-04-04T14:04:52","modified_gmt":"2023-04-04T12:04:52","slug":"la-seconde-generale-et-technologique-2","status":"publish","type":"page","link":"http:\/\/lyceeclaudemonetlh.fr\/index.php\/la-seconde-generale-et-technologique-2\/","title":{"rendered":"La seconde g\u00e9n\u00e9rale et technologique"},"content":{"rendered":"<p>Comme son nom l\u2019indique, la seconde GT oriente les \u00e9l\u00e8ves vers un BAC<br \/>\ng\u00e9n\u00e9ral ou un BAC technologique.<br \/>\nLes mati\u00e8res d\u2019enseignement g\u00e9n\u00e9ral occupent l\u2019essentiel de l\u2019emploi du temps<br \/>\nmais il est possible d\u2019enrichir son cursus en choisissant un enseignement optionnel :<\/p>\n<p>Management et gestion<\/p>\n<p>Sant\u00e9-social-Biotechnologies<\/p>\n<p>Arts Plastiques<\/p>\n<p>Histoire des arts<\/p>\n<p>Latin, Grec<\/p>\n<p>Italien, Arabe, Chinois LV3<br \/>\nSection europ\u00e9enne en Anglais, Allemand, Espagnol<\/p>\n<p>Horaires des enseignements de la classe de seconde g\u00e9n\u00e9rale et technologique.<\/p>\n<p>Tableau des horaires des enseignements<\/p>\n<p>Enseignements Horaire \u00e9l\u00e8ve<\/p>\n<p>Enseignements\u00a0 communs<br \/>\nFran\u00e7ais \u00a0 \u00a0 \u00a0 \u00a0 \u00a0 \u00a0 \u00a0 \u00a0 \u00a0 \u00a0 \u00a0 \u00a0 \u00a0 \u00a0 \u00a0 \u00a0 \u00a0 \u00a0 \u00a0 \u00a0 \u00a0 \u00a0\u00a0\u00a0\u00a0\u00a0\u00a0 \u00a0\u00a0\u00a0\u00a0 4 h<br \/>\nHistoire-g\u00e9ographie\u00a0\u00a0\u00a0\u00a0\u00a0\u00a0\u00a0\u00a0\u00a0\u00a0\u00a0\u00a0\u00a0\u00a0\u00a0\u00a0\u00a0\u00a0\u00a0\u00a0\u00a0\u00a0\u00a0\u00a0\u00a0 \u00a0 \u00a0\u00a0\u00a0\u00a0\u00a0\u00a0\u00a0 3 h<br \/>\nLVA et LVB(enveloppe globalis\u00e9e)\u00a0\u00a0\u00a0\u00a0 \u00a0 \u00a0\u00a0\u00a0 \u00a0 \u00a0 5 h 30<br \/>\nSciences \u00e9conomiques et sociales\u00a0\u00a0\u00a0 \u00a0 \u00a0 \u00a0 \u00a0 \u00a0 1 h 30<br \/>\nMath\u00e9matiques\u00a0\u00a0\u00a0\u00a0\u00a0\u00a0\u00a0\u00a0\u00a0\u00a0\u00a0\u00a0\u00a0\u00a0\u00a0\u00a0\u00a0\u00a0\u00a0\u00a0\u00a0\u00a0\u00a0\u00a0\u00a0\u00a0\u00a0\u00a0\u00a0\u00a0 \u00a0 \u00a0 \u00a0 \u00a0\u00a0\u00a0\u00a0\u00a0 4 h<br \/>\nPhysique-chimie\u00a0\u00a0\u00a0\u00a0\u00a0\u00a0\u00a0\u00a0\u00a0\u00a0\u00a0\u00a0\u00a0\u00a0\u00a0\u00a0\u00a0\u00a0\u00a0\u00a0\u00a0\u00a0\u00a0\u00a0\u00a0\u00a0\u00a0\u00a0\u00a0\u00a0\u00a0\u00a0\u00a0\u00a0\u00a0\u00a0\u00a0\u00a0\u00a0\u00a0\u00a0 3 h<br \/>\nSciences de la vie et de la Terre\u00a0\u00a0\u00a0\u00a0\u00a0\u00a0\u00a0 \u00a0 \u00a0 \u00a0\u00a0\u00a0\u00a0\u00a0\u00a0 1 h 30<br \/>\n\u00c9ducation physique et sportive\u00a0\u00a0\u00a0\u00a0\u00a0\u00a0\u00a0\u00a0\u00a0\u00a0\u00a0\u00a0\u00a0\u00a0\u00a0\u00a0\u00a0\u00a0\u00a0 2 h<br \/>\nEnseignement moral et civique\u00a0\u00a0\u00a0\u00a0\u00a0\u00a0\u00a0\u00a0\u00a0\u00a0\u00a0\u00a0\u00a0\u00a0 \u00a0 \u00a0 18 h annuelles<br \/>\nSciences num\u00e9riques et technologie\u00a0\u00a0\u00a0\u00a0\u00a0\u00a0\u00a0\u00a0\u00a0\u00a0 1 h 30<br \/>\nAccompagnement personnalis\u00e9\u00a0\u00a0\u00a0\u00a0\u00a0\u00a0\u00a0\u00a0\u00a0\u00a0\u00a0\u00a0\u00a0\u00a0\u00a0\u00a0\u00a0 2 h<\/p>\n<p>Sections europ\u00e9ennes<br \/>\nAnglais, allemand ou espagnol\u00a0\u00a0\u00a0\u00a0\u00a0\u00a0\u00a0 \u00a0 \u00a0 \u00a0 \u00a0\u00a0\u00a0\u00a0\u00a0 1 h<br \/>\nHistoire-G\u00e9ographie ou SVT en Anglais, \u00a0\u00a0\u00a0 1 h<br \/>\nallemand ou espagnol<\/p>\n<p>Enseignements optionnels<br \/>\n1 enseignement g\u00e9n\u00e9ral au choix parmi<br \/>\nLangues et cultures de l&rsquo;Antiquit\u00e9 : latin\u00a0\u00a0\u00a0\u00a0 2 h<br \/>\nLangues et cultures de l&rsquo;Antiquit\u00e9 : grec\u00a0\u00a0\u00a0\u00a0 2 h<br \/>\nLangue vivante C Italien, Arabe ou Chinois 3 h<br \/>\nArts : au choix parmi arts plastiques\u00a0\u00a0\u00a0\u00a0\u00a0\u00a0\u00a0\u00a0\u00a0\u00a0 3 h<br \/>\nou histoire des arts<\/p>\n<p>1 enseignement technologique au choix parmi<br \/>\nManagement et gestion\u00a0\u00a0\u00a0\u00a0\u00a0\u00a0\u00a0\u00a0\u00a0\u00a0\u00a0\u00a0\u00a0\u00a0\u00a0\u00a0\u00a0\u00a0\u00a0\u00a0\u00a0\u00a0\u00a0\u00a0\u00a0\u00a0\u00a0\u00a0 1 h 30<br \/>\nSant\u00e9 et social\u00a0\u00a0\u00a0\u00a0\u00a0\u00a0\u00a0\u00a0\u00a0\u00a0\u00a0\u00a0\u00a0\u00a0\u00a0\u00a0\u00a0\u00a0\u00a0\u00a0\u00a0\u00a0\u00a0\u00a0\u00a0\u00a0\u00a0\u00a0\u00a0\u00a0\u00a0\u00a0\u00a0\u00a0\u00a0\u00a0\u00a0\u00a0\u00a0\u00a0\u00a0\u00a0\u00a0 1 h 30<br \/>\nBiotechnologies\u00a0\u00a0\u00a0\u00a0\u00a0\u00a0\u00a0\u00a0\u00a0\u00a0\u00a0\u00a0\u00a0\u00a0\u00a0\u00a0\u00a0\u00a0\u00a0\u00a0\u00a0\u00a0\u00a0\u00a0\u00a0\u00a0\u00a0\u00a0\u00a0\u00a0\u00a0\u00a0\u00a0\u00a0\u00a0\u00a0\u00a0\u00a0\u00a0\u00a0 1 h 30<\/p>\n<p>Les plus du Lyc\u00e9e<br \/>\nClaude Monet:<br \/>\nInclusion de tous les \u00e9l\u00e8ves et prise en compte particuli\u00e8re des troubles DYS.<br \/>\nJourn\u00e9es d&rsquo;Accueil et d&rsquo;Int\u00e9gration \u00e0 la rentr\u00e9e permettant \u00e0 chaque \u00e9l\u00e8ve de s&rsquo;int\u00e9grer dans la<br \/>\nclasse et de passer le cap de l&rsquo;entr\u00e9e au lyc\u00e9e.<br \/>\nSuivi personnalis\u00e9 : bilan d\u2019orientation, tutorat, aide aux devoirs et accompagnement personnalis\u00e9<\/p>\n<p>Apr\u00e8s la seconde<br \/>\nPremi\u00e8re en voie g\u00e9n\u00e9rale<br \/>\nA noter\u00a0: Le Lyc\u00e9e Claude<br \/>\nMonet propose en 2023 de nombreuses sp\u00e9cialit\u00e9s qui garantissent \u00e0 l\u2019\u00e9l\u00e8ve le<br \/>\nmeilleur choix en fonction de son projet d\u2019orientation.<br \/>\nHistoire-G\u00e9ographie,g\u00e9opolitique et sciences politiques.<br \/>\nHumanit\u00e9,litt\u00e9rature et philosophie.<br \/>\nLangues,litt\u00e9ratures et cultures \u00e9trang\u00e8res Anglais<br \/>\nMath\u00e9matiques.<br \/>\nPhysique-Chimie.<br \/>\nSciences de la vie et de la Terre.<br \/>\nSciences \u00e9conomiques et sociales.<br \/>\nArts Plastiques<br \/>\nHistoire des Arts<\/p>\n<p>Toutes ces sp\u00e9cialit\u00e9s peuvent \u00eatre choisies par les \u00e9l\u00e8ves et nous n\u2019obligeons pas pour<br \/>\ndes questions de praticit\u00e9 les \u00e9l\u00e8ves \u00e0 faire des couplages d\u2019options obligatoires.<\/p>\n<p>Premi\u00e8re en voie technologique<\/p>\n<p>(ST2S, STMG)<\/p>\n","protected":false},"excerpt":{"rendered":"<p>Comme son nom l\u2019indique, la seconde GT oriente les \u00e9l\u00e8ves vers un BAC g\u00e9n\u00e9ral ou un BAC technologique. Les mati\u00e8res d\u2019enseignement g\u00e9n\u00e9ral occupent l\u2019essentiel de l\u2019emploi du temps mais il est possible d\u2019enrichir son cursus en choisissant un enseignement optionnel : Management et gestion Sant\u00e9-social-Biotechnologies Arts Plastiques Histoire des arts Latin, Grec Italien, Arabe, Chinois [&hellip;]<\/p>\n","protected":false},"author":1,"featured_media":0,"parent":0,"menu_order":0,"comment_status":"closed","ping_status":"closed","template":"","meta":{"footnotes":""},"_links":{"self":[{"href":"http:\/\/lyceeclaudemonetlh.fr\/index.php\/wp-json\/wp\/v2\/pages\/917"}],"collection":[{"href":"http:\/\/lyceeclaudemonetlh.fr\/index.php\/wp-json\/wp\/v2\/pages"}],"about":[{"href":"http:\/\/lyceeclaudemonetlh.fr\/index.php\/wp-json\/wp\/v2\/types\/page"}],"author":[{"embeddable":true,"href":"http:\/\/lyceeclaudemonetlh.fr\/index.php\/wp-json\/wp\/v2\/users\/1"}],"replies":[{"embeddable":true,"href":"http:\/\/lyceeclaudemonetlh.fr\/index.php\/wp-json\/wp\/v2\/comments?post=917"}],"version-history":[{"count":8,"href":"http:\/\/lyceeclaudemonetlh.fr\/index.php\/wp-json\/wp\/v2\/pages\/917\/revisions"}],"predecessor-version":[{"id":976,"href":"http:\/\/lyceeclaudemonetlh.fr\/index.php\/wp-json\/wp\/v2\/pages\/917\/revisions\/976"}],"wp:attachment":[{"href":"http:\/\/lyceeclaudemonetlh.fr\/index.php\/wp-json\/wp\/v2\/media?parent=917"}],"curies":[{"name":"wp","href":"https:\/\/api.w.org\/{rel}","templated":true}]}}