{"id":86,"date":"2021-01-15T19:05:16","date_gmt":"2021-01-15T18:05:16","guid":{"rendered":"http:\/\/lyceech.cluster026.hosting.ovh.net\/?page_id=86"},"modified":"2025-10-07T09:55:15","modified_gmt":"2025-10-07T07:55:15","slug":"cpge-hypokhagne-et-khagne","status":"publish","type":"page","link":"http:\/\/lyceeclaudemonetlh.fr\/index.php\/cpge-hypokhagne-et-khagne\/","title":{"rendered":"CPGE Hypokh\u00e2gne et Kh\u00e2gne"},"content":{"rendered":"\n<h2 class=\"wp-block-heading\">Objectifs<\/h2>\n\n\n\n<p>Les classes pr\u00e9paratoires aux grandes \u00e9coles (C.P.G.E.) ont pour fonction d&rsquo;accro\u00eetre le niveau des connaissances des bacheliers dans diff\u00e9rents champs disciplinaires de mani\u00e8re \u00e0&nbsp;<strong>les rendre aptes \u00e0 suivre une formation en grande \u00e9cole<\/strong>&nbsp;dans les fili\u00e8res litt\u00e9raires, \u00e9conomiques et commerciales et scientifiques.&nbsp;<strong>Chaque fili\u00e8re est subdivis\u00e9e en voies.<\/strong><\/p>\n\n\n\n<p>Pour chaque voie d&rsquo;\u00e9tude,&nbsp;<strong>un programme national d&rsquo;\u00e9tudes est fix\u00e9 par arr\u00eat\u00e9, apr\u00e8s \u00e9laboration en co-partenariat avec les grandes \u00e9coles.<\/strong>&nbsp;Ces connaissances sont \u00e9valu\u00e9es par les concours qu&rsquo;organisent les grandes \u00e9coles.<\/p>\n\n\n\n<p class=\"has-small-font-size\">Au terme de ces formations, les \u00e9tudiants qui&nbsp; n&rsquo;int\u00e8grent pas une grande \u00e9cole peuvent poursuivre leurs \u00e9tudes \u00e0 l&rsquo;universit\u00e9.<\/p>\n\n\n\n<p><\/p>\n\n\n<div class=\"wp-block-image is-style-rounded\">\n<figure class=\"aligncenter size-full is-resized\"><a href=\"https:\/\/www.prepabl-normandie.com\/\"><img loading=\"lazy\" decoding=\"async\" width=\"332\" height=\"301\" src=\"http:\/\/lyceech.cluster026.hosting.ovh.net\/wp-content\/uploads\/2021\/06\/prepa-site.jpg\" alt=\"\" class=\"wp-image-383\" style=\"width:167px;height:151px\" srcset=\"http:\/\/lyceech.cluster026.hosting.ovh.net\/wp-content\/uploads\/2021\/06\/prepa-site.jpg 332w, http:\/\/lyceech.cluster026.hosting.ovh.net\/wp-content\/uploads\/2021\/06\/prepa-site-300x272.jpg 300w\" sizes=\"(max-width: 332px) 100vw, 332px\" \/><\/a><figcaption class=\"wp-element-caption\">Cliquez sur l&rsquo;image pour d\u00e9couvrir le site de la section<\/figcaption><\/figure><\/div>\n\n\n<h2 class=\"wp-block-heading\">Les classes pr\u00e9paratoires litt\u00e9raires<\/h2>\n\n\n\n<p><strong>Elles pr\u00e9parent aux concours des \u00e9coles normales sup\u00e9rieures, de l&rsquo;\u00e9cole nationale des chartes, des \u00e9coles sup\u00e9rieures de commerce et de gestion et des instituts d&rsquo;\u00e9tudes politiques.&nbsp;<\/strong>On distingue deux voies&nbsp;:<\/p>\n\n\n\n<h3 class=\"wp-block-heading\">Les classes pr\u00e9paratoires A\/L, dites \u00ab\u00a0Lettres\u00a0\u00bb<\/h3>\n\n\n\n<p>Elles&nbsp;pr\u00e9parent soit au concours d&rsquo;entr\u00e9e \u00e0 l&rsquo;\u00c9cole normale sup\u00e9rieure de la rue d&rsquo;Ulm (il s&rsquo;agit alors d&rsquo;une classe pr\u00e9paratoire \u00ab\u00a0Lettres classiques\u00a0\u00bb), soit \u00e0 l&rsquo;\u00c9cole normale sup\u00e9rieure lettres et sciences humaines de Lyon (il s&rsquo;agit alors d&rsquo;une classe pr\u00e9paratoire \u00ab\u00a0Lettres modernes\u00a0\u00bb). Au programme de ces classes&nbsp;: fran\u00e7ais, philosophie, histoire, langue(s) vivante(s), langue ancienne pour la classe \u00ab\u00a0Lettres classiques\u00a0\u00bb&nbsp;;<\/p>\n\n\n\n<h3 class=\"wp-block-heading\">Les classes pr\u00e9paratoires B\/L, dites \u00ab\u00a0Lettres et sciences sociales\u00a0\u00bb<\/h3>\n\n\n\n<p>Elles&nbsp;pr\u00e9parent \u00e0 l&rsquo;\u00c9cole normale sup\u00e9rieure de la rue d&rsquo;Ulm et \u00e0 l&rsquo;Ecole normale sup\u00e9rieure&nbsp;Lettres et Sciences humaines de Lyon (concours B\/L) et \u00e0 l&rsquo;\u00c9cole normale sup\u00e9rieure de Cachan. Au programme&nbsp;: philosophie, langue vivante, \u00e9conomie, sociologie, math\u00e9matiques.<\/p>\n\n\n\n<p>&nbsp;\u00c0&nbsp;noter&nbsp;: Les grandes \u00e9coles de commerce et de gestion ouvrent \u00e9galement leurs portes aux \u00e9l\u00e8ves des classes pr\u00e9paratoires litt\u00e9raires&nbsp;: un concours \u00ab\u00a0Lettres et sciences humaines\u00a0\u00bb leur est r\u00e9serv\u00e9.<\/p>\n\n\n\n<figure class=\"wp-block-video\"><video controls src=\"http:\/\/lyceech.cluster026.hosting.ovh.net\/wp-content\/uploads\/2021\/01\/MargauxLandreauprpaprsentationmp-MyVideo-Voice2v-com.mp4\"><\/video><figcaption class=\"wp-element-caption\">T\u00e9moignage  de Margaux<\/figcaption><\/figure>\n\n\n\n<p>Vous pouvez consulter les plaquettes de nos formations CPGE et les rapports publics des commissions de classement.<\/p>\n\n\n\n<div class=\"wp-block-file\"><a href=\"http:\/\/lyceech.cluster026.hosting.ovh.net\/wp-content\/uploads\/2021\/01\/Plaquette-CPGE-AL-Monet.pdf\">Plaquette CPGE AL Monet<\/a><a href=\"http:\/\/lyceech.cluster026.hosting.ovh.net\/wp-content\/uploads\/2021\/01\/Plaquette-CPGE-AL-Monet.pdf\" class=\"wp-block-file__button wp-element-button\" download>T\u00e9l\u00e9charger<\/a><\/div>\n\n\n\n<div class=\"wp-block-file\"><a href=\"http:\/\/lyceech.cluster026.hosting.ovh.net\/wp-content\/uploads\/2021\/01\/Plaquette-CPGE-BL-Monet.pdf\">Plaquette CPGE BL Monet<\/a><a href=\"http:\/\/lyceech.cluster026.hosting.ovh.net\/wp-content\/uploads\/2021\/01\/Plaquette-CPGE-BL-Monet.pdf\" class=\"wp-block-file__button wp-element-button\" download>T\u00e9l\u00e9charger<br><\/a><\/div>\n\n\n\n<div class=\"wp-block-file\"><a id=\"wp-block-file--media-a927ebc9-c591-468b-8850-736c308e381c\" href=\"http:\/\/lyceech.cluster026.hosting.ovh.net\/wp-content\/uploads\/2025\/10\/Rapport-public-CPGE-AL-2025.pdf\">Rapport-public-CPGE-AL-2025<\/a><a href=\"http:\/\/lyceech.cluster026.hosting.ovh.net\/wp-content\/uploads\/2025\/10\/Rapport-public-CPGE-AL-2025.pdf\" class=\"wp-block-file__button wp-element-button\" download aria-describedby=\"wp-block-file--media-a927ebc9-c591-468b-8850-736c308e381c\">T\u00e9l\u00e9charger<\/a><\/div>\n\n\n\n<div class=\"wp-block-file\"><a id=\"wp-block-file--media-67418e67-dc0e-4a63-b574-fa3b050ef9ff\" href=\"http:\/\/lyceech.cluster026.hosting.ovh.net\/wp-content\/uploads\/2025\/10\/Rapport-public-CPGE-BL-2025.pdf\">Rapport-public-CPGE-BL-2025<\/a><a href=\"http:\/\/lyceech.cluster026.hosting.ovh.net\/wp-content\/uploads\/2025\/10\/Rapport-public-CPGE-BL-2025.pdf\" class=\"wp-block-file__button wp-element-button\" download aria-describedby=\"wp-block-file--media-67418e67-dc0e-4a63-b574-fa3b050ef9ff\">T\u00e9l\u00e9charger<\/a><\/div>\n","protected":false},"excerpt":{"rendered":"<p>Objectifs Les classes pr\u00e9paratoires aux grandes \u00e9coles (C.P.G.E.) ont pour fonction d&rsquo;accro\u00eetre le niveau des connaissances des bacheliers dans diff\u00e9rents champs disciplinaires de mani\u00e8re \u00e0&nbsp;les rendre aptes \u00e0 suivre une formation en grande \u00e9cole&nbsp;dans les fili\u00e8res litt\u00e9raires, \u00e9conomiques et commerciales et scientifiques.&nbsp;Chaque fili\u00e8re est subdivis\u00e9e en voies. Pour chaque voie d&rsquo;\u00e9tude,&nbsp;un programme national d&rsquo;\u00e9tudes est [&hellip;]<\/p>\n","protected":false},"author":1,"featured_media":0,"parent":0,"menu_order":0,"comment_status":"closed","ping_status":"closed","template":"","meta":{"footnotes":""},"_links":{"self":[{"href":"http:\/\/lyceeclaudemonetlh.fr\/index.php\/wp-json\/wp\/v2\/pages\/86"}],"collection":[{"href":"http:\/\/lyceeclaudemonetlh.fr\/index.php\/wp-json\/wp\/v2\/pages"}],"about":[{"href":"http:\/\/lyceeclaudemonetlh.fr\/index.php\/wp-json\/wp\/v2\/types\/page"}],"author":[{"embeddable":true,"href":"http:\/\/lyceeclaudemonetlh.fr\/index.php\/wp-json\/wp\/v2\/users\/1"}],"replies":[{"embeddable":true,"href":"http:\/\/lyceeclaudemonetlh.fr\/index.php\/wp-json\/wp\/v2\/comments?post=86"}],"version-history":[{"count":12,"href":"http:\/\/lyceeclaudemonetlh.fr\/index.php\/wp-json\/wp\/v2\/pages\/86\/revisions"}],"predecessor-version":[{"id":1813,"href":"http:\/\/lyceeclaudemonetlh.fr\/index.php\/wp-json\/wp\/v2\/pages\/86\/revisions\/1813"}],"wp:attachment":[{"href":"http:\/\/lyceeclaudemonetlh.fr\/index.php\/wp-json\/wp\/v2\/media?parent=86"}],"curies":[{"name":"wp","href":"https:\/\/api.w.org\/{rel}","templated":true}]}}