{"id":854,"date":"2023-03-29T20:37:13","date_gmt":"2023-03-29T18:37:13","guid":{"rendered":"http:\/\/lyceech.cluster026.hosting.ovh.net\/?page_id=854"},"modified":"2023-03-31T19:56:06","modified_gmt":"2023-03-31T17:56:06","slug":"les-sections-europeennes","status":"publish","type":"page","link":"http:\/\/lyceeclaudemonetlh.fr\/index.php\/les-sections-europeennes\/","title":{"rendered":"Les sections europ\u00e9ennes"},"content":{"rendered":"\n<p>Au lyc\u00e9e g\u00e9n\u00e9ral, les sections europ\u00e9ennes existent dans 3 langues (Allemand, Espagnol et Anglais) et visent un niveau au proche du bilinguisme. Aucune condition particuli\u00e8re n&rsquo;est requise pour l&rsquo;admission dans ces sections hormis une aptitude et une motivation pour l&rsquo;apprentissage des langues.<\/p>\n\n\n\n<figure class=\"wp-block-gallery has-nested-images columns-default is-cropped wp-block-gallery-1 is-layout-flex wp-block-gallery-is-layout-flex\">\n<figure class=\"wp-block-image size-large\"><a href=\"http:\/\/lyceech.cluster026.hosting.ovh.net\/wp-content\/uploads\/2023\/03\/Plaquette-euro-allemand.pdf\"><img loading=\"lazy\" decoding=\"async\" width=\"728\" height=\"1024\" data-id=\"880\" src=\"http:\/\/lyceech.cluster026.hosting.ovh.net\/wp-content\/uploads\/2023\/03\/Euro-Allemand-728x1024.jpg\" alt=\"\" class=\"wp-image-880\" srcset=\"http:\/\/lyceech.cluster026.hosting.ovh.net\/wp-content\/uploads\/2023\/03\/Euro-Allemand-728x1024.jpg 728w, http:\/\/lyceech.cluster026.hosting.ovh.net\/wp-content\/uploads\/2023\/03\/Euro-Allemand-213x300.jpg 213w, http:\/\/lyceech.cluster026.hosting.ovh.net\/wp-content\/uploads\/2023\/03\/Euro-Allemand-768x1080.jpg 768w, http:\/\/lyceech.cluster026.hosting.ovh.net\/wp-content\/uploads\/2023\/03\/Euro-Allemand-1092x1536.jpg 1092w, http:\/\/lyceech.cluster026.hosting.ovh.net\/wp-content\/uploads\/2023\/03\/Euro-Allemand.jpg 1358w\" sizes=\"(max-width: 728px) 100vw, 728px\" \/><\/a><\/figure>\n\n\n\n<figure class=\"wp-block-image size-large\"><a href=\"http:\/\/lyceech.cluster026.hosting.ovh.net\/wp-content\/uploads\/2023\/03\/Plaquette-euro-Anglais.pdf\"><img loading=\"lazy\" decoding=\"async\" width=\"729\" height=\"1024\" data-id=\"881\" src=\"http:\/\/lyceech.cluster026.hosting.ovh.net\/wp-content\/uploads\/2023\/03\/Euro-Anglais-729x1024.jpg\" alt=\"\" class=\"wp-image-881\" srcset=\"http:\/\/lyceech.cluster026.hosting.ovh.net\/wp-content\/uploads\/2023\/03\/Euro-Anglais-729x1024.jpg 729w, http:\/\/lyceech.cluster026.hosting.ovh.net\/wp-content\/uploads\/2023\/03\/Euro-Anglais-213x300.jpg 213w, http:\/\/lyceech.cluster026.hosting.ovh.net\/wp-content\/uploads\/2023\/03\/Euro-Anglais-768x1079.jpg 768w, http:\/\/lyceech.cluster026.hosting.ovh.net\/wp-content\/uploads\/2023\/03\/Euro-Anglais-1093x1536.jpg 1093w, http:\/\/lyceech.cluster026.hosting.ovh.net\/wp-content\/uploads\/2023\/03\/Euro-Anglais.jpg 1386w\" sizes=\"(max-width: 729px) 100vw, 729px\" \/><\/a><\/figure>\n\n\n\n<figure class=\"wp-block-image size-large\"><a href=\"http:\/\/lyceech.cluster026.hosting.ovh.net\/wp-content\/uploads\/2023\/03\/Plaquette-euro-espagnol.pdf\"><img loading=\"lazy\" decoding=\"async\" width=\"729\" height=\"1024\" data-id=\"879\" src=\"http:\/\/lyceech.cluster026.hosting.ovh.net\/wp-content\/uploads\/2023\/03\/Euro-Espagnol-729x1024.jpg\" alt=\"\" class=\"wp-image-879\" srcset=\"http:\/\/lyceech.cluster026.hosting.ovh.net\/wp-content\/uploads\/2023\/03\/Euro-Espagnol-729x1024.jpg 729w, http:\/\/lyceech.cluster026.hosting.ovh.net\/wp-content\/uploads\/2023\/03\/Euro-Espagnol-213x300.jpg 213w, http:\/\/lyceech.cluster026.hosting.ovh.net\/wp-content\/uploads\/2023\/03\/Euro-Espagnol-768x1079.jpg 768w, http:\/\/lyceech.cluster026.hosting.ovh.net\/wp-content\/uploads\/2023\/03\/Euro-Espagnol-1093x1536.jpg 1093w, http:\/\/lyceech.cluster026.hosting.ovh.net\/wp-content\/uploads\/2023\/03\/Euro-Espagnol.jpg 1265w\" sizes=\"(max-width: 729px) 100vw, 729px\" \/><\/a><\/figure>\n<\/figure>\n\n\n\n<p>Vous pouvez t\u00e9l\u00e9charger nos plaquettes en cliquant sur les liens correspondants <\/p>\n\n\n\n<div class=\"wp-block-file\"><a id=\"wp-block-file--media-ae96dc19-9f8c-4bc0-a1f4-e0fe10865fcc\" href=\"http:\/\/lyceech.cluster026.hosting.ovh.net\/wp-content\/uploads\/2023\/03\/Plaquette-euro-allemand-1.pdf\">Plaquette-euro-allemand-1<\/a><a href=\"http:\/\/lyceech.cluster026.hosting.ovh.net\/wp-content\/uploads\/2023\/03\/Plaquette-euro-allemand-1.pdf\" class=\"wp-block-file__button wp-element-button\" download aria-describedby=\"wp-block-file--media-ae96dc19-9f8c-4bc0-a1f4-e0fe10865fcc\">T\u00e9l\u00e9charger<\/a><\/div>\n\n\n\n<div class=\"wp-block-file\"><a id=\"wp-block-file--media-f0763c7c-e7a7-4048-a093-e54c6fb57c11\" href=\"http:\/\/lyceech.cluster026.hosting.ovh.net\/wp-content\/uploads\/2023\/03\/Plaquette-euro-Anglais.pdf\">Plaquette-euro-Anglais<\/a><a href=\"http:\/\/lyceech.cluster026.hosting.ovh.net\/wp-content\/uploads\/2023\/03\/Plaquette-euro-Anglais.pdf\" class=\"wp-block-file__button wp-element-button\" download aria-describedby=\"wp-block-file--media-f0763c7c-e7a7-4048-a093-e54c6fb57c11\">T\u00e9l\u00e9charger<\/a><\/div>\n\n\n\n<div class=\"wp-block-file\"><a id=\"wp-block-file--media-2fe4feb7-36c8-4616-9aca-3ceaf9b6cd20\" href=\"http:\/\/lyceech.cluster026.hosting.ovh.net\/wp-content\/uploads\/2023\/03\/Plaquette-euro-espagnol.pdf\">Plaquette-euro-espagnol<\/a><a href=\"http:\/\/lyceech.cluster026.hosting.ovh.net\/wp-content\/uploads\/2023\/03\/Plaquette-euro-espagnol.pdf\" class=\"wp-block-file__button wp-element-button\" download aria-describedby=\"wp-block-file--media-2fe4feb7-36c8-4616-9aca-3ceaf9b6cd20\">T\u00e9l\u00e9charger<\/a><\/div>\n","protected":false},"excerpt":{"rendered":"<p>Au lyc\u00e9e g\u00e9n\u00e9ral, les sections europ\u00e9ennes existent dans 3 langues (Allemand, Espagnol et Anglais) et visent un niveau au proche du bilinguisme. Aucune condition particuli\u00e8re n&rsquo;est requise pour l&rsquo;admission dans ces sections hormis une aptitude et une motivation pour l&rsquo;apprentissage des langues. Vous pouvez t\u00e9l\u00e9charger nos plaquettes en cliquant sur les liens correspondants<\/p>\n","protected":false},"author":1,"featured_media":857,"parent":0,"menu_order":0,"comment_status":"closed","ping_status":"closed","template":"","meta":{"footnotes":""},"_links":{"self":[{"href":"http:\/\/lyceeclaudemonetlh.fr\/index.php\/wp-json\/wp\/v2\/pages\/854"}],"collection":[{"href":"http:\/\/lyceeclaudemonetlh.fr\/index.php\/wp-json\/wp\/v2\/pages"}],"about":[{"href":"http:\/\/lyceeclaudemonetlh.fr\/index.php\/wp-json\/wp\/v2\/types\/page"}],"author":[{"embeddable":true,"href":"http:\/\/lyceeclaudemonetlh.fr\/index.php\/wp-json\/wp\/v2\/users\/1"}],"replies":[{"embeddable":true,"href":"http:\/\/lyceeclaudemonetlh.fr\/index.php\/wp-json\/wp\/v2\/comments?post=854"}],"version-history":[{"count":6,"href":"http:\/\/lyceeclaudemonetlh.fr\/index.php\/wp-json\/wp\/v2\/pages\/854\/revisions"}],"predecessor-version":[{"id":890,"href":"http:\/\/lyceeclaudemonetlh.fr\/index.php\/wp-json\/wp\/v2\/pages\/854\/revisions\/890"}],"wp:featuredmedia":[{"embeddable":true,"href":"http:\/\/lyceeclaudemonetlh.fr\/index.php\/wp-json\/wp\/v2\/media\/857"}],"wp:attachment":[{"href":"http:\/\/lyceeclaudemonetlh.fr\/index.php\/wp-json\/wp\/v2\/media?parent=854"}],"curies":[{"name":"wp","href":"https:\/\/api.w.org\/{rel}","templated":true}]}}