{"id":843,"date":"2023-03-29T20:26:59","date_gmt":"2023-03-29T18:26:59","guid":{"rendered":"http:\/\/lyceech.cluster026.hosting.ovh.net\/?page_id=843"},"modified":"2023-03-31T19:58:16","modified_gmt":"2023-03-31T17:58:16","slug":"la-premiere-et-terminale-technologique","status":"publish","type":"page","link":"http:\/\/lyceeclaudemonetlh.fr\/index.php\/la-premiere-et-terminale-technologique\/","title":{"rendered":"La Premi\u00e8re et Terminale Technologique"},"content":{"rendered":"\n<p>\u00c0 l\u2019issue d\u2019une seconde g\u00e9n\u00e9rale et technologique, les \u00e9l\u00e8ves peuvent s\u2019orienter dans l&rsquo;une des s\u00e9ries de la voie technologique. Apr\u00e8s le baccalaur\u00e9at, ils peuvent ensuite poursuivre des \u00e9tudes sup\u00e9rieures, notamment technologiques : BTS, DUT, etc.<\/p>\n","protected":false},"excerpt":{"rendered":"<p>\u00c0 l\u2019issue d\u2019une seconde g\u00e9n\u00e9rale et technologique, les \u00e9l\u00e8ves peuvent s\u2019orienter dans l&rsquo;une des s\u00e9ries de la voie technologique. Apr\u00e8s le baccalaur\u00e9at, ils peuvent ensuite poursuivre des \u00e9tudes sup\u00e9rieures, notamment technologiques : BTS, DUT, etc.<\/p>\n","protected":false},"author":1,"featured_media":0,"parent":0,"menu_order":0,"comment_status":"closed","ping_status":"closed","template":"","meta":{"footnotes":""},"_links":{"self":[{"href":"http:\/\/lyceeclaudemonetlh.fr\/index.php\/wp-json\/wp\/v2\/pages\/843"}],"collection":[{"href":"http:\/\/lyceeclaudemonetlh.fr\/index.php\/wp-json\/wp\/v2\/pages"}],"about":[{"href":"http:\/\/lyceeclaudemonetlh.fr\/index.php\/wp-json\/wp\/v2\/types\/page"}],"author":[{"embeddable":true,"href":"http:\/\/lyceeclaudemonetlh.fr\/index.php\/wp-json\/wp\/v2\/users\/1"}],"replies":[{"embeddable":true,"href":"http:\/\/lyceeclaudemonetlh.fr\/index.php\/wp-json\/wp\/v2\/comments?post=843"}],"version-history":[{"count":2,"href":"http:\/\/lyceeclaudemonetlh.fr\/index.php\/wp-json\/wp\/v2\/pages\/843\/revisions"}],"predecessor-version":[{"id":891,"href":"http:\/\/lyceeclaudemonetlh.fr\/index.php\/wp-json\/wp\/v2\/pages\/843\/revisions\/891"}],"wp:attachment":[{"href":"http:\/\/lyceeclaudemonetlh.fr\/index.php\/wp-json\/wp\/v2\/media?parent=843"}],"curies":[{"name":"wp","href":"https:\/\/api.w.org\/{rel}","templated":true}]}}