{"id":63,"date":"2021-01-15T17:41:38","date_gmt":"2021-01-15T16:41:38","guid":{"rendered":"http:\/\/lyceech.cluster026.hosting.ovh.net\/?page_id=63"},"modified":"2023-06-01T11:44:23","modified_gmt":"2023-06-01T09:44:23","slug":"bac-pro-metiers-de-la-securite","status":"publish","type":"page","link":"http:\/\/lyceeclaudemonetlh.fr\/index.php\/bac-pro-metiers-de-la-securite\/","title":{"rendered":"BAC Pro M\u00e9tiers de la S\u00e9curit\u00e9"},"content":{"rendered":"\n<figure class=\"wp-block-image size-large is-resized\"><img loading=\"lazy\" decoding=\"async\" src=\"http:\/\/lyceech.cluster026.hosting.ovh.net\/wp-content\/uploads\/2021\/01\/ecusson_Lycee-Claude-Monet-1.jpg\" alt=\"\" class=\"wp-image-73\" width=\"121\" height=\"154\" srcset=\"http:\/\/lyceech.cluster026.hosting.ovh.net\/wp-content\/uploads\/2021\/01\/ecusson_Lycee-Claude-Monet-1.jpg 746w, http:\/\/lyceech.cluster026.hosting.ovh.net\/wp-content\/uploads\/2021\/01\/ecusson_Lycee-Claude-Monet-1-237x300.jpg 237w\" sizes=\"(max-width: 121px) 100vw, 121px\" \/><figcaption class=\"wp-element-caption\">L&rsquo;\u00e9cusson  de nos \u00e9l\u00e8ves<\/figcaption><\/figure>\n\n\n\n<p>Il contribue \u00e0 la s\u00fbret\u00e9, \u00e0 la s\u00e9curit\u00e9 de l&rsquo;espace public et priv\u00e9. Il lutte contre les incendies conform\u00e9ment aux techniques professionnelles. Il assure des missions de secours et d&rsquo;assistance aux victimes. Il est charg\u00e9 de la surveillance des lieux et des acc\u00e8s, rappelle et fait respecter les r\u00e9glementations sp\u00e9cifiques. Il prot\u00e8ge l&rsquo;int\u00e9grit\u00e9 physique des personnes. Il constate et identifie les atteintes aux biens et\/ou \u00e0 l&rsquo;environnement ainsi que les situations \u00e0 risques.<\/p>\n\n\n\n<h4 class=\"wp-block-heading\"><mark style=\"background-color:rgba(0, 0, 0, 0)\" class=\"has-inline-color has-vivid-cyan-blue-color\">Orientation en BAC Professionnel M\u00e9tiers de la S\u00e9curit\u00e9<\/mark><\/h4>\n\n\n\n<p><mark style=\"background-color:rgba(0, 0, 0, 0)\" class=\"has-inline-color has-vivid-cyan-blue-color\"><em>Sur l&rsquo;acad\u00e9mie de Normandie, l&rsquo;orientation depuis la classe de 3\u00e8me de coll\u00e8ge vers la Seconde professionnelle M\u00e9tiers de la S\u00e9curit\u00e9 respecte la m\u00eame proc\u00e9dure de toutes les orientations en seconde professionnelle<\/em><\/mark>.<\/p>\n\n\n\n<ol>\n<li><strong><span class=\"has-inline-color has-vivid-cyan-blue-color\">l&rsquo;\u00e9l\u00e8ve et sa famille font conna\u00eetre le souhait d&rsquo;orientation de leur enfant aupr\u00e8s des PSY EN et de son professeur principal.<\/span><\/strong><\/li>\n\n\n\n<li><strong><span class=\"has-inline-color has-vivid-cyan-blue-color\">le coll\u00e8ge peut demander un mini stage aupr\u00e8s de notre \u00e9tablissement durant le 2\u00e8me  trimestre<\/span><\/strong><\/li>\n\n\n\n<li><strong><span class=\"has-inline-color has-vivid-cyan-blue-color\">l&rsquo;\u00e9l\u00e8ve peut \u00e9galement orienter son stage de d\u00e9couverte du monde du travail vers des structures li\u00e9es aux m\u00e9tiers de la s\u00e9curit\u00e9<\/span><\/strong><\/li>\n\n\n\n<li><strong><span class=\"has-inline-color has-vivid-cyan-blue-color\">l&rsquo;\u00e9l\u00e8ve et sa famille demande une orientation en voie professionnelle sur la fiche navette d&rsquo;orientation (second trimestre)<\/span><\/strong><\/li>\n\n\n\n<li><strong><span class=\"has-inline-color has-vivid-cyan-blue-color\">l&rsquo;\u00e9l\u00e8ve et sa famille demande une orientation en voie professionnelle vers les m\u00e9tiers de la s\u00e9curit\u00e9 sur la fiche navette d&rsquo;orientation (troisi\u00e8me trimestre)<\/span><\/strong><\/li>\n<\/ol>\n\n\n\n<p><em><span class=\"has-inline-color has-vivid-red-color\">I<\/span><\/em><strong><span class=\"has-inline-color has-vivid-red-color\"><em>l<\/em><\/span><\/strong><span class=\"has-inline-color has-vivid-red-color\"><strong><em>  n&rsquo;y a pas de test d&rsquo;entr\u00e9e, de dossier \u00e0 consituer et pas de pr\u00e9-inscription<\/em><\/strong><\/span>.<span class=\"has-inline-color has-vivid-red-color\"><strong> <em>A aucun moment le lyc\u00e9e n&rsquo;intervient sur la s\u00e9lection de ses futurs \u00e9l\u00e8ves.<\/em><\/strong><\/span><\/p>\n\n\n\n<p><mark style=\"background-color:rgba(0, 0, 0, 0)\" class=\"has-inline-color has-vivid-cyan-blue-color\"><em>Nous demandons simplement aux responsables l\u00e9gaux de bien s&rsquo;assurer de la motivation de leur enfant face aux exigences caract\u00e9ristiques \u00e0 ces m\u00e9tiers. Les familles doivent \u00e9galement s&rsquo;assurer que l&rsquo;\u00e9tat de sant\u00e9 de leur enfant ne soit pas un frein \u00e0 la r\u00e9ussite dans l&rsquo;objectif d&rsquo;une insertion professionnel.<\/em><\/mark><\/p>\n\n\n\n<p><\/p>\n\n\n\n<figure class=\"wp-block-image size-large\"><img loading=\"lazy\" decoding=\"async\" width=\"577\" height=\"754\" src=\"http:\/\/lyceech.cluster026.hosting.ovh.net\/wp-content\/uploads\/2021\/01\/mds.jpg\" alt=\"\" class=\"wp-image-189\" srcset=\"http:\/\/lyceech.cluster026.hosting.ovh.net\/wp-content\/uploads\/2021\/01\/mds.jpg 577w, http:\/\/lyceech.cluster026.hosting.ovh.net\/wp-content\/uploads\/2021\/01\/mds-230x300.jpg 230w\" sizes=\"(max-width: 577px) 100vw, 577px\" \/><\/figure>\n\n\n\n<p>Le titulaire de ce bac pro est pr\u00e9par\u00e9 \u00e0 l&rsquo;exercice des diff\u00e9rents m\u00e9tiers de la s\u00e9curit\u00e9, de la s\u00fbret\u00e9 et de l&rsquo;ordre public, de la protection des personnes, des biens et de l&rsquo;environnement.<\/p>\n\n\n\n<figure class=\"wp-block-embed is-type-video is-provider-youtube wp-block-embed-youtube wp-embed-aspect-16-9 wp-has-aspect-ratio\"><div class=\"wp-block-embed__wrapper\">\n<iframe loading=\"lazy\" title=\"CM MDS lyc\u00e9e haute s\u00e9curit\u00e9\" width=\"1170\" height=\"658\" src=\"https:\/\/www.youtube.com\/embed\/LtE-incg62M?feature=oembed\" frameborder=\"0\" allow=\"accelerometer; autoplay; clipboard-write; encrypted-media; gyroscope; picture-in-picture; web-share\" allowfullscreen><\/iframe>\n<\/div><\/figure>\n","protected":false},"excerpt":{"rendered":"<p>Il contribue \u00e0 la s\u00fbret\u00e9, \u00e0 la s\u00e9curit\u00e9 de l&rsquo;espace public et priv\u00e9. Il lutte contre les incendies conform\u00e9ment aux techniques professionnelles. Il assure des missions de secours et d&rsquo;assistance aux victimes. Il est charg\u00e9 de la surveillance des lieux et des acc\u00e8s, rappelle et fait respecter les r\u00e9glementations sp\u00e9cifiques. Il prot\u00e8ge l&rsquo;int\u00e9grit\u00e9 physique des [&hellip;]<\/p>\n","protected":false},"author":1,"featured_media":0,"parent":0,"menu_order":0,"comment_status":"closed","ping_status":"closed","template":"","meta":{"footnotes":""},"_links":{"self":[{"href":"http:\/\/lyceeclaudemonetlh.fr\/index.php\/wp-json\/wp\/v2\/pages\/63"}],"collection":[{"href":"http:\/\/lyceeclaudemonetlh.fr\/index.php\/wp-json\/wp\/v2\/pages"}],"about":[{"href":"http:\/\/lyceeclaudemonetlh.fr\/index.php\/wp-json\/wp\/v2\/types\/page"}],"author":[{"embeddable":true,"href":"http:\/\/lyceeclaudemonetlh.fr\/index.php\/wp-json\/wp\/v2\/users\/1"}],"replies":[{"embeddable":true,"href":"http:\/\/lyceeclaudemonetlh.fr\/index.php\/wp-json\/wp\/v2\/comments?post=63"}],"version-history":[{"count":12,"href":"http:\/\/lyceeclaudemonetlh.fr\/index.php\/wp-json\/wp\/v2\/pages\/63\/revisions"}],"predecessor-version":[{"id":1017,"href":"http:\/\/lyceeclaudemonetlh.fr\/index.php\/wp-json\/wp\/v2\/pages\/63\/revisions\/1017"}],"wp:attachment":[{"href":"http:\/\/lyceeclaudemonetlh.fr\/index.php\/wp-json\/wp\/v2\/media?parent=63"}],"curies":[{"name":"wp","href":"https:\/\/api.w.org\/{rel}","templated":true}]}}