{"id":585,"date":"2022-03-02T08:02:20","date_gmt":"2022-03-02T07:02:20","guid":{"rendered":"http:\/\/lyceech.cluster026.hosting.ovh.net\/?page_id=585"},"modified":"2025-10-07T09:50:15","modified_gmt":"2025-10-07T07:50:15","slug":"bts-management-operationnel-de-la-securite","status":"publish","type":"page","link":"http:\/\/lyceeclaudemonetlh.fr\/index.php\/bts-management-operationnel-de-la-securite\/","title":{"rendered":"BTS Management Op\u00e9rationnel de la S\u00e9curit\u00e9"},"content":{"rendered":"\n<p>Ce BTS forme aux emplois d&rsquo;encadrement d&rsquo;agents de s\u00e9curit\u00e9 dans une entreprise de s\u00e9curit\u00e9\/s\u00fbret\u00e9 ou dans le service interne de s\u00e9curit\u00e9 d&rsquo;une entreprise priv\u00e9e, d&rsquo;une administration publique ou d&rsquo;une association.<\/p>\n\n\n\n<p>D\u00e8s l&rsquo;entr\u00e9e en formation, le Conseil national des activit\u00e9s priv\u00e9es de s\u00e9curit\u00e9, op\u00e9rateur du minist\u00e8re de l&rsquo;int\u00e9rieur, v\u00e9rifie la compatibilit\u00e9 des conditions de moralit\u00e9 de l&rsquo;\u00e9l\u00e8ve avec les activit\u00e9s professionnelles exerc\u00e9es.<\/p>\n\n\n\n<p>L&rsquo;\u00e9l\u00e8ve apprend \u00e0 pr\u00e9parer et \u00e0 mettre en oeuvre une prestation de s\u00e9curit\u00e9 selon le cahier des charges du client. Il est form\u00e9 aux techniques de relations clients, \u00e0 la gestion des relations avec les repr\u00e9sentants institutionnels : gendarmerie, police, police municipale, service d\u00e9partemental d&rsquo;incendie et de secours (SDIS). La formation au management des ressources humaines lui fournit les comp\u00e9tences pour assurer la gestion administrative du personnel. Les enseignements en \u00e9conomie et en droit sont importants pour ce futur professionnel qui a l&rsquo;obligation de bien ma\u00eetriser la r\u00e9glementation juridique, les normes, les proc\u00e9dures de protection&#8230; .<\/p>\n\n\n\n<figure class=\"wp-block-embed is-type-video is-provider-youtube wp-block-embed-youtube wp-embed-aspect-16-9 wp-has-aspect-ratio\"><div class=\"wp-block-embed__wrapper\">\n<iframe loading=\"lazy\" title=\"Les m\u00e9tiers apr\u00e8s un BTS Management op\u00e9rationnel de s\u00e9curit\u00e9\" width=\"1170\" height=\"658\" src=\"https:\/\/www.youtube.com\/embed\/wV8oCGLfcOA?feature=oembed\" frameborder=\"0\" allow=\"accelerometer; autoplay; clipboard-write; encrypted-media; gyroscope; picture-in-picture; web-share\" referrerpolicy=\"strict-origin-when-cross-origin\" allowfullscreen><\/iframe>\n<\/div><\/figure>\n\n\n<div class=\"wp-block-image is-style-rounded\">\n<figure class=\"aligncenter size-large is-resized\"><img loading=\"lazy\" decoding=\"async\" width=\"766\" height=\"1024\" src=\"http:\/\/lyceech.cluster026.hosting.ovh.net\/wp-content\/uploads\/2022\/03\/BASE-IMAGE-BTS-MOS-766x1024.jpg\" alt=\"\" class=\"wp-image-588\" style=\"width:469px;height:627px\" srcset=\"http:\/\/lyceech.cluster026.hosting.ovh.net\/wp-content\/uploads\/2022\/03\/BASE-IMAGE-BTS-MOS-766x1024.jpg 766w, http:\/\/lyceech.cluster026.hosting.ovh.net\/wp-content\/uploads\/2022\/03\/BASE-IMAGE-BTS-MOS-224x300.jpg 224w, http:\/\/lyceech.cluster026.hosting.ovh.net\/wp-content\/uploads\/2022\/03\/BASE-IMAGE-BTS-MOS-768x1027.jpg 768w, http:\/\/lyceech.cluster026.hosting.ovh.net\/wp-content\/uploads\/2022\/03\/BASE-IMAGE-BTS-MOS.jpg 795w\" sizes=\"(max-width: 766px) 100vw, 766px\" \/><\/figure><\/div>\n\n\n<p>Vous pouvez consulter le rapport public de la commission de classement qui permet aux futurs candidats de comprendre les attendus de la formation et les attentes de l&rsquo;\u00e9quipe p\u00e9dagogique dans la constitution des dossiers.<\/p>\n\n\n\n<div class=\"wp-block-file\"><a id=\"wp-block-file--media-89eaccfa-0b16-43cf-8000-20886a1b0a85\" href=\"http:\/\/lyceech.cluster026.hosting.ovh.net\/wp-content\/uploads\/2025\/10\/Rapport-public-2025-BTS-MOS.pdf\">Rapport-public-2025-BTS-MOS<\/a><a href=\"http:\/\/lyceech.cluster026.hosting.ovh.net\/wp-content\/uploads\/2025\/10\/Rapport-public-2025-BTS-MOS.pdf\" class=\"wp-block-file__button wp-element-button\" download aria-describedby=\"wp-block-file--media-89eaccfa-0b16-43cf-8000-20886a1b0a85\">T\u00e9l\u00e9charger<\/a><\/div>\n","protected":false},"excerpt":{"rendered":"<p>Ce BTS forme aux emplois d&rsquo;encadrement d&rsquo;agents de s\u00e9curit\u00e9 dans une entreprise de s\u00e9curit\u00e9\/s\u00fbret\u00e9 ou dans le service interne de s\u00e9curit\u00e9 d&rsquo;une entreprise priv\u00e9e, d&rsquo;une administration publique ou d&rsquo;une association. D\u00e8s l&rsquo;entr\u00e9e en formation, le Conseil national des activit\u00e9s priv\u00e9es de s\u00e9curit\u00e9, op\u00e9rateur du minist\u00e8re de l&rsquo;int\u00e9rieur, v\u00e9rifie la compatibilit\u00e9 des conditions de moralit\u00e9 de [&hellip;]<\/p>\n","protected":false},"author":1,"featured_media":587,"parent":0,"menu_order":0,"comment_status":"closed","ping_status":"closed","template":"","meta":{"footnotes":""},"_links":{"self":[{"href":"http:\/\/lyceeclaudemonetlh.fr\/index.php\/wp-json\/wp\/v2\/pages\/585"}],"collection":[{"href":"http:\/\/lyceeclaudemonetlh.fr\/index.php\/wp-json\/wp\/v2\/pages"}],"about":[{"href":"http:\/\/lyceeclaudemonetlh.fr\/index.php\/wp-json\/wp\/v2\/types\/page"}],"author":[{"embeddable":true,"href":"http:\/\/lyceeclaudemonetlh.fr\/index.php\/wp-json\/wp\/v2\/users\/1"}],"replies":[{"embeddable":true,"href":"http:\/\/lyceeclaudemonetlh.fr\/index.php\/wp-json\/wp\/v2\/comments?post=585"}],"version-history":[{"count":7,"href":"http:\/\/lyceeclaudemonetlh.fr\/index.php\/wp-json\/wp\/v2\/pages\/585\/revisions"}],"predecessor-version":[{"id":1806,"href":"http:\/\/lyceeclaudemonetlh.fr\/index.php\/wp-json\/wp\/v2\/pages\/585\/revisions\/1806"}],"wp:featuredmedia":[{"embeddable":true,"href":"http:\/\/lyceeclaudemonetlh.fr\/index.php\/wp-json\/wp\/v2\/media\/587"}],"wp:attachment":[{"href":"http:\/\/lyceeclaudemonetlh.fr\/index.php\/wp-json\/wp\/v2\/media?parent=585"}],"curies":[{"name":"wp","href":"https:\/\/api.w.org\/{rel}","templated":true}]}}