{"id":286,"date":"2021-03-13T08:52:38","date_gmt":"2021-03-13T07:52:38","guid":{"rendered":"http:\/\/lyceech.cluster026.hosting.ovh.net\/?page_id=286"},"modified":"2021-10-12T08:21:00","modified_gmt":"2021-10-12T06:21:00","slug":"unss","status":"publish","type":"page","link":"http:\/\/lyceeclaudemonetlh.fr\/index.php\/unss\/","title":{"rendered":"UNSS"},"content":{"rendered":"\n<figure class=\"wp-block-image size-full\"><img loading=\"lazy\" decoding=\"async\" width=\"225\" height=\"225\" src=\"http:\/\/lyceech.cluster026.hosting.ovh.net\/wp-content\/uploads\/2021\/03\/UNSS.png\" alt=\"\" class=\"wp-image-287\" srcset=\"http:\/\/lyceech.cluster026.hosting.ovh.net\/wp-content\/uploads\/2021\/03\/UNSS.png 225w, http:\/\/lyceech.cluster026.hosting.ovh.net\/wp-content\/uploads\/2021\/03\/UNSS-150x150.png 150w\" sizes=\"(max-width: 225px) 100vw, 225px\" \/><\/figure>\n\n\n\n<p>Trouvez ci-dessous les activit\u00e9s organis\u00e9es par l&rsquo;association sportive du lyc\u00e9e<\/p>\n\n\n\n<figure class=\"wp-block-image size-full\"><img loading=\"lazy\" decoding=\"async\" width=\"590\" height=\"814\" src=\"http:\/\/lyceech.cluster026.hosting.ovh.net\/wp-content\/uploads\/2021\/10\/CALENDRIER-UNSS.jpg\" alt=\"\" class=\"wp-image-508\" srcset=\"http:\/\/lyceech.cluster026.hosting.ovh.net\/wp-content\/uploads\/2021\/10\/CALENDRIER-UNSS.jpg 590w, http:\/\/lyceech.cluster026.hosting.ovh.net\/wp-content\/uploads\/2021\/10\/CALENDRIER-UNSS-217x300.jpg 217w\" sizes=\"(max-width: 590px) 100vw, 590px\" \/><\/figure>\n","protected":false},"excerpt":{"rendered":"<p>Trouvez ci-dessous les activit\u00e9s organis\u00e9es par l&rsquo;association sportive du lyc\u00e9e<\/p>\n","protected":false},"author":1,"featured_media":287,"parent":0,"menu_order":0,"comment_status":"closed","ping_status":"closed","template":"","meta":{"footnotes":""},"_links":{"self":[{"href":"http:\/\/lyceeclaudemonetlh.fr\/index.php\/wp-json\/wp\/v2\/pages\/286"}],"collection":[{"href":"http:\/\/lyceeclaudemonetlh.fr\/index.php\/wp-json\/wp\/v2\/pages"}],"about":[{"href":"http:\/\/lyceeclaudemonetlh.fr\/index.php\/wp-json\/wp\/v2\/types\/page"}],"author":[{"embeddable":true,"href":"http:\/\/lyceeclaudemonetlh.fr\/index.php\/wp-json\/wp\/v2\/users\/1"}],"replies":[{"embeddable":true,"href":"http:\/\/lyceeclaudemonetlh.fr\/index.php\/wp-json\/wp\/v2\/comments?post=286"}],"version-history":[{"count":3,"href":"http:\/\/lyceeclaudemonetlh.fr\/index.php\/wp-json\/wp\/v2\/pages\/286\/revisions"}],"predecessor-version":[{"id":509,"href":"http:\/\/lyceeclaudemonetlh.fr\/index.php\/wp-json\/wp\/v2\/pages\/286\/revisions\/509"}],"wp:featuredmedia":[{"embeddable":true,"href":"http:\/\/lyceeclaudemonetlh.fr\/index.php\/wp-json\/wp\/v2\/media\/287"}],"wp:attachment":[{"href":"http:\/\/lyceeclaudemonetlh.fr\/index.php\/wp-json\/wp\/v2\/media?parent=286"}],"curies":[{"name":"wp","href":"https:\/\/api.w.org\/{rel}","templated":true}]}}