{"id":26,"date":"2021-01-14T21:30:35","date_gmt":"2021-01-14T20:30:35","guid":{"rendered":"http:\/\/lyceech.cluster026.hosting.ovh.net\/?page_id=26"},"modified":"2023-03-31T20:23:25","modified_gmt":"2023-03-31T18:23:25","slug":"lycee-generale","status":"publish","type":"page","link":"http:\/\/lyceeclaudemonetlh.fr\/index.php\/lycee-generale\/","title":{"rendered":"Lyc\u00e9e g\u00e9n\u00e9ral et technologique"},"content":{"rendered":"<div class=\"wp-block-image\">\n<figure class=\"aligncenter size-full is-resized\"><a href=\"http:\/\/lyceech.cluster026.hosting.ovh.net\/wp-content\/uploads\/2023\/03\/Plaquette-Lycee-general-et-Technologique-1.pdf\"><img loading=\"lazy\" decoding=\"async\" src=\"http:\/\/lyceech.cluster026.hosting.ovh.net\/wp-content\/uploads\/2023\/03\/Plaquette-Lycee-General-et-Technologique-Claude-Monet-1.jpg\" alt=\"\" class=\"wp-image-899\" width=\"355\" height=\"499\" srcset=\"http:\/\/lyceech.cluster026.hosting.ovh.net\/wp-content\/uploads\/2023\/03\/Plaquette-Lycee-General-et-Technologique-Claude-Monet-1.jpg 712w, http:\/\/lyceech.cluster026.hosting.ovh.net\/wp-content\/uploads\/2023\/03\/Plaquette-Lycee-General-et-Technologique-Claude-Monet-1-213x300.jpg 213w\" sizes=\"(max-width: 355px) 100vw, 355px\" \/><\/a><\/figure><\/div>\n\n\n<div data-wp-interactive=\"core\/file\" class=\"wp-block-file\"><object data-wp-bind--hidden=\"!state.hasPdfPreview\"  class=\"wp-block-file__embed\" data=\"http:\/\/lyceech.cluster026.hosting.ovh.net\/wp-content\/uploads\/2023\/03\/Plaquette-Lycee-general-et-Technologique-1.pdf\" type=\"application\/pdf\" style=\"width:100%;height:859px\" aria-label=\"Contenu embarqu\u00e9 Plaquette-Lycee-general-et-Technologique-1.\"><\/object><a id=\"wp-block-file--media-89b74eb2-77c9-47d8-8329-84950b6b6ffa\" href=\"http:\/\/lyceech.cluster026.hosting.ovh.net\/wp-content\/uploads\/2023\/03\/Plaquette-Lycee-general-et-Technologique-1.pdf\">Plaquette-Lycee-general-et-Technologique-1<\/a><a href=\"http:\/\/lyceech.cluster026.hosting.ovh.net\/wp-content\/uploads\/2023\/03\/Plaquette-Lycee-general-et-Technologique-1.pdf\" class=\"wp-block-file__button wp-element-button\" download aria-describedby=\"wp-block-file--media-89b74eb2-77c9-47d8-8329-84950b6b6ffa\">T\u00e9l\u00e9charger<\/a><\/div>\n","protected":false},"excerpt":{"rendered":"","protected":false},"author":1,"featured_media":0,"parent":0,"menu_order":0,"comment_status":"closed","ping_status":"closed","template":"","meta":{"footnotes":""},"_links":{"self":[{"href":"http:\/\/lyceeclaudemonetlh.fr\/index.php\/wp-json\/wp\/v2\/pages\/26"}],"collection":[{"href":"http:\/\/lyceeclaudemonetlh.fr\/index.php\/wp-json\/wp\/v2\/pages"}],"about":[{"href":"http:\/\/lyceeclaudemonetlh.fr\/index.php\/wp-json\/wp\/v2\/types\/page"}],"author":[{"embeddable":true,"href":"http:\/\/lyceeclaudemonetlh.fr\/index.php\/wp-json\/wp\/v2\/users\/1"}],"replies":[{"embeddable":true,"href":"http:\/\/lyceeclaudemonetlh.fr\/index.php\/wp-json\/wp\/v2\/comments?post=26"}],"version-history":[{"count":5,"href":"http:\/\/lyceeclaudemonetlh.fr\/index.php\/wp-json\/wp\/v2\/pages\/26\/revisions"}],"predecessor-version":[{"id":900,"href":"http:\/\/lyceeclaudemonetlh.fr\/index.php\/wp-json\/wp\/v2\/pages\/26\/revisions\/900"}],"wp:attachment":[{"href":"http:\/\/lyceeclaudemonetlh.fr\/index.php\/wp-json\/wp\/v2\/media?parent=26"}],"curies":[{"name":"wp","href":"https:\/\/api.w.org\/{rel}","templated":true}]}}