{"id":1682,"date":"2025-06-20T13:56:56","date_gmt":"2025-06-20T11:56:56","guid":{"rendered":"http:\/\/lyceech.cluster026.hosting.ovh.net\/?page_id=1682"},"modified":"2025-07-01T11:44:01","modified_gmt":"2025-07-01T09:44:01","slug":"incriptions-au-lycee-professionnel","status":"publish","type":"page","link":"http:\/\/lyceeclaudemonetlh.fr\/index.php\/administration-de-letablissement\/incriptions-au-lycee-professionnel\/","title":{"rendered":"Incriptions au Lyc\u00e9e Professionnel"},"content":{"rendered":"\n<figure class=\"wp-block-image size-full\"><img loading=\"lazy\" decoding=\"async\" width=\"652\" height=\"78\" src=\"http:\/\/lyceech.cluster026.hosting.ovh.net\/wp-content\/uploads\/2025\/06\/image-lp-.jpg\" alt=\"\" class=\"wp-image-1655\" srcset=\"http:\/\/lyceech.cluster026.hosting.ovh.net\/wp-content\/uploads\/2025\/06\/image-lp-.jpg 652w, http:\/\/lyceech.cluster026.hosting.ovh.net\/wp-content\/uploads\/2025\/06\/image-lp--300x36.jpg 300w\" sizes=\"(max-width: 652px) 100vw, 652px\" \/><\/figure>\n\n\n\n<p><mark style=\"background-color:rgba(0, 0, 0, 0)\" class=\"has-inline-color has-vivid-red-color\"><strong>Pour vous inscrire, vous devez \u00eatre en possession de l&rsquo;affectation qui a \u00e9t\u00e9 distribu\u00e9e \u00e0 votre enfant pour une inscription au Lyc\u00e9e Professionnel Claude Monet<\/strong><\/mark><\/p>\n\n\n\n<p>Contacter la vie scolaire du lyc\u00e9e professionnel au  <strong>02 35 54 61 81<\/strong><\/p>\n\n\n\n<h4 class=\"wp-block-heading\"><mark style=\"background-color:rgba(0, 0, 0, 0)\" class=\"has-inline-color has-vivid-cyan-blue-color\">Documents \u00e0 consulter avant l&rsquo;inscription :<\/mark><\/h4>\n\n\n\n<div class=\"wp-block-file\"><a id=\"wp-block-file--media-2201d1a7-9aa1-4461-92d4-91e44f498da5\" href=\"http:\/\/lyceech.cluster026.hosting.ovh.net\/wp-content\/uploads\/2025\/06\/Consignes-pour-linscription.pdf\">Consignes-pour-linscription<\/a><a href=\"http:\/\/lyceech.cluster026.hosting.ovh.net\/wp-content\/uploads\/2025\/06\/Consignes-pour-linscription.pdf\" class=\"wp-block-file__button wp-element-button\" download aria-describedby=\"wp-block-file--media-2201d1a7-9aa1-4461-92d4-91e44f498da5\">T\u00e9l\u00e9charger<\/a><\/div>\n\n\n\n<div class=\"wp-block-file\"><a id=\"wp-block-file--media-b7b683c9-df55-4f7f-9798-c12cfa739ba5\" href=\"http:\/\/lyceech.cluster026.hosting.ovh.net\/wp-content\/uploads\/2025\/06\/Information-restauration.pdf\">Information-restauration<\/a><a href=\"http:\/\/lyceech.cluster026.hosting.ovh.net\/wp-content\/uploads\/2025\/06\/Information-restauration.pdf\" class=\"wp-block-file__button wp-element-button\" download aria-describedby=\"wp-block-file--media-b7b683c9-df55-4f7f-9798-c12cfa739ba5\">T\u00e9l\u00e9charger<\/a><\/div>\n\n\n\n<div class=\"wp-block-file\"><a id=\"wp-block-file--media-6b3b1015-b10d-4949-8e86-59271a4cb695\" href=\"http:\/\/lyceech.cluster026.hosting.ovh.net\/wp-content\/uploads\/2025\/06\/Bourse-aux-livres.pdf\">Bourse-aux-livres<\/a><a href=\"http:\/\/lyceech.cluster026.hosting.ovh.net\/wp-content\/uploads\/2025\/06\/Bourse-aux-livres.pdf\" class=\"wp-block-file__button wp-element-button\" download aria-describedby=\"wp-block-file--media-6b3b1015-b10d-4949-8e86-59271a4cb695\">T\u00e9l\u00e9charger<\/a><\/div>\n\n\n\n<h4 class=\"wp-block-heading\"><mark style=\"background-color:rgba(0, 0, 0, 0)\" class=\"has-inline-color has-vivid-cyan-blue-color\">Documents \u00e0 compl\u00e9ter et \u00e0 transmettre le jour du rendez-vous d&rsquo;inscription :<\/mark><\/h4>\n\n\n\n<div class=\"wp-block-file\"><a id=\"wp-block-file--media-a222b0ab-6e5a-4256-9c6d-9348eccedb3c\" href=\"http:\/\/lyceech.cluster026.hosting.ovh.net\/wp-content\/uploads\/2025\/06\/Fiche-de-renseignements.pdf\">Fiche-de-renseignements<\/a><a href=\"http:\/\/lyceech.cluster026.hosting.ovh.net\/wp-content\/uploads\/2025\/06\/Fiche-de-renseignements.pdf\" class=\"wp-block-file__button wp-element-button\" download aria-describedby=\"wp-block-file--media-a222b0ab-6e5a-4256-9c6d-9348eccedb3c\">T\u00e9l\u00e9charger<\/a><\/div>\n\n\n\n<div class=\"wp-block-file\"><a id=\"wp-block-file--media-cb3d658e-c7c7-4b0a-a08c-35483e7bd0bb\" href=\"http:\/\/lyceech.cluster026.hosting.ovh.net\/wp-content\/uploads\/2025\/06\/Fiche-Infirmerie-1-1.doc\">Fiche-Infirmerie-1-1<\/a><a href=\"http:\/\/lyceech.cluster026.hosting.ovh.net\/wp-content\/uploads\/2025\/06\/Fiche-Infirmerie-1-1.doc\" class=\"wp-block-file__button wp-element-button\" download aria-describedby=\"wp-block-file--media-cb3d658e-c7c7-4b0a-a08c-35483e7bd0bb\">T\u00e9l\u00e9charger<\/a><\/div>\n\n\n\n<div class=\"wp-block-file\"><a id=\"wp-block-file--media-82fb589c-98d3-4fae-b3ac-0a230720277e\" href=\"http:\/\/lyceech.cluster026.hosting.ovh.net\/wp-content\/uploads\/2025\/06\/Fiche-de-renseignements-intendance.pdf\">Fiche-de-renseignements-intendance<\/a><a href=\"http:\/\/lyceech.cluster026.hosting.ovh.net\/wp-content\/uploads\/2025\/06\/Fiche-de-renseignements-intendance.pdf\" class=\"wp-block-file__button wp-element-button\" download aria-describedby=\"wp-block-file--media-82fb589c-98d3-4fae-b3ac-0a230720277e\">T\u00e9l\u00e9charger<\/a><\/div>\n\n\n\n<h4 class=\"wp-block-heading\"><mark style=\"background-color:rgba(0, 0, 0, 0)\" class=\"has-inline-color has-vivid-red-color\">N&rsquo;oubliez les documents \u00e0 fournir :<\/mark><\/h4>\n\n\n\n<p>Les photocopies des 3 bulletins trimestriels de la classe de 3\u00e8me<\/p>\n\n\n\n<ul>\n<li>Trois photos d\u2019identit\u00e9 (nom de l\u2019\u00e9l\u00e8ve au dos de la photo)<\/li>\n\n\n\n<li>Les photocopies du livret de famille pour les pages concernant les parents et tous les enfants.<\/li>\n\n\n\n<li>Un justificatif de domicile.<\/li>\n\n\n\n<li>Un RIB<\/li>\n\n\n\n<li>Votre ch\u00e9quier pour la location des livres ainsi que si votre enfant mange \u00e0 la prestation au<br>service de restauration.<\/li>\n\n\n\n<li>Pour les parents s\u00e9par\u00e9s, la photocopie du jugement pr\u00e9cisant les d\u00e9tenteurs de l\u2019autorit\u00e9<br>parentale.<\/li>\n\n\n\n<li>Photocopie de la notification de bourses du coll\u00e8ge<\/li>\n<\/ul>\n\n\n\n<p><\/p>\n","protected":false},"excerpt":{"rendered":"<p>Pour vous inscrire, vous devez \u00eatre en possession de l&rsquo;affectation qui a \u00e9t\u00e9 distribu\u00e9e \u00e0 votre enfant pour une inscription au Lyc\u00e9e Professionnel Claude Monet Contacter la vie scolaire du lyc\u00e9e professionnel au 02 35 54 61 81 Documents \u00e0 consulter avant l&rsquo;inscription : Documents \u00e0 compl\u00e9ter et \u00e0 transmettre le jour du rendez-vous d&rsquo;inscription [&hellip;]<\/p>\n","protected":false},"author":1,"featured_media":0,"parent":39,"menu_order":2,"comment_status":"closed","ping_status":"closed","template":"","meta":{"footnotes":""},"_links":{"self":[{"href":"http:\/\/lyceeclaudemonetlh.fr\/index.php\/wp-json\/wp\/v2\/pages\/1682"}],"collection":[{"href":"http:\/\/lyceeclaudemonetlh.fr\/index.php\/wp-json\/wp\/v2\/pages"}],"about":[{"href":"http:\/\/lyceeclaudemonetlh.fr\/index.php\/wp-json\/wp\/v2\/types\/page"}],"author":[{"embeddable":true,"href":"http:\/\/lyceeclaudemonetlh.fr\/index.php\/wp-json\/wp\/v2\/users\/1"}],"replies":[{"embeddable":true,"href":"http:\/\/lyceeclaudemonetlh.fr\/index.php\/wp-json\/wp\/v2\/comments?post=1682"}],"version-history":[{"count":16,"href":"http:\/\/lyceeclaudemonetlh.fr\/index.php\/wp-json\/wp\/v2\/pages\/1682\/revisions"}],"predecessor-version":[{"id":1771,"href":"http:\/\/lyceeclaudemonetlh.fr\/index.php\/wp-json\/wp\/v2\/pages\/1682\/revisions\/1771"}],"up":[{"embeddable":true,"href":"http:\/\/lyceeclaudemonetlh.fr\/index.php\/wp-json\/wp\/v2\/pages\/39"}],"wp:attachment":[{"href":"http:\/\/lyceeclaudemonetlh.fr\/index.php\/wp-json\/wp\/v2\/media?parent=1682"}],"curies":[{"name":"wp","href":"https:\/\/api.w.org\/{rel}","templated":true}]}}