{"id":128,"date":"2021-01-18T07:40:14","date_gmt":"2021-01-18T06:40:14","guid":{"rendered":"http:\/\/lyceech.cluster026.hosting.ovh.net\/?page_id=128"},"modified":"2023-03-31T13:11:08","modified_gmt":"2023-03-31T11:11:08","slug":"taxe-dapprentissage","status":"publish","type":"page","link":"http:\/\/lyceeclaudemonetlh.fr\/index.php\/taxe-dapprentissage\/","title":{"rendered":"Taxe d&rsquo;apprentissage"},"content":{"rendered":"\n<p><strong>R\u00e9partition du solde de la taxe d\u2019apprentissage vers les organismes habilit\u00e9s<\/strong><\/p>\n\n\n\n<p>La solde de la taxe d\u2019apprentissage de l\u2019ann\u00e9e 2022&nbsp;d\u00e9clar\u00e9 et vers\u00e9 les 5&nbsp;ou 15&nbsp;mai 2023&nbsp;aupr\u00e8s de l\u2019Urssaf sera ensuite revers\u00e9 par l\u2019Urssaf \u00e0 la Caisse des d\u00e9p\u00f4ts. Apr\u00e8s affectation par les entreprises par l\u2019interm\u00e9diaire d\u2019une plateforme intitul\u00e9e SOLT\u00e9A, la Caisse des d\u00e9p\u00f4ts versera les fonds aux formations et organismes habilit\u00e9s \u00e0 percevoir ce solde.<\/p>\n\n\n<div class=\"wp-block-image\">\n<figure class=\"aligncenter size-full is-resized\"><img loading=\"lazy\" decoding=\"async\" src=\"http:\/\/lyceech.cluster026.hosting.ovh.net\/wp-content\/uploads\/2023\/03\/Capture-soltea.jpg\" alt=\"\" class=\"wp-image-866\" width=\"572\" height=\"289\" srcset=\"http:\/\/lyceech.cluster026.hosting.ovh.net\/wp-content\/uploads\/2023\/03\/Capture-soltea.jpg 766w, http:\/\/lyceech.cluster026.hosting.ovh.net\/wp-content\/uploads\/2023\/03\/Capture-soltea-300x152.jpg 300w\" sizes=\"(max-width: 572px) 100vw, 572px\" \/><\/figure><\/div>","protected":false},"excerpt":{"rendered":"<p>R\u00e9partition du solde de la taxe d\u2019apprentissage vers les organismes habilit\u00e9s La solde de la taxe d\u2019apprentissage de l\u2019ann\u00e9e 2022&nbsp;d\u00e9clar\u00e9 et vers\u00e9 les 5&nbsp;ou 15&nbsp;mai 2023&nbsp;aupr\u00e8s de l\u2019Urssaf sera ensuite revers\u00e9 par l\u2019Urssaf \u00e0 la Caisse des d\u00e9p\u00f4ts. Apr\u00e8s affectation par les entreprises par l\u2019interm\u00e9diaire d\u2019une plateforme intitul\u00e9e SOLT\u00e9A, la Caisse des d\u00e9p\u00f4ts versera les [&hellip;]<\/p>\n","protected":false},"author":1,"featured_media":863,"parent":0,"menu_order":0,"comment_status":"closed","ping_status":"closed","template":"","meta":{"footnotes":""},"_links":{"self":[{"href":"http:\/\/lyceeclaudemonetlh.fr\/index.php\/wp-json\/wp\/v2\/pages\/128"}],"collection":[{"href":"http:\/\/lyceeclaudemonetlh.fr\/index.php\/wp-json\/wp\/v2\/pages"}],"about":[{"href":"http:\/\/lyceeclaudemonetlh.fr\/index.php\/wp-json\/wp\/v2\/types\/page"}],"author":[{"embeddable":true,"href":"http:\/\/lyceeclaudemonetlh.fr\/index.php\/wp-json\/wp\/v2\/users\/1"}],"replies":[{"embeddable":true,"href":"http:\/\/lyceeclaudemonetlh.fr\/index.php\/wp-json\/wp\/v2\/comments?post=128"}],"version-history":[{"count":7,"href":"http:\/\/lyceeclaudemonetlh.fr\/index.php\/wp-json\/wp\/v2\/pages\/128\/revisions"}],"predecessor-version":[{"id":867,"href":"http:\/\/lyceeclaudemonetlh.fr\/index.php\/wp-json\/wp\/v2\/pages\/128\/revisions\/867"}],"wp:featuredmedia":[{"embeddable":true,"href":"http:\/\/lyceeclaudemonetlh.fr\/index.php\/wp-json\/wp\/v2\/media\/863"}],"wp:attachment":[{"href":"http:\/\/lyceeclaudemonetlh.fr\/index.php\/wp-json\/wp\/v2\/media?parent=128"}],"curies":[{"name":"wp","href":"https:\/\/api.w.org\/{rel}","templated":true}]}}